{"id":628,"date":"2025-03-11T10:03:00","date_gmt":"2025-03-11T10:03:00","guid":{"rendered":"https:\/\/donpolicarpo.com.br\/blog\/?page_id=628"},"modified":"2025-03-11T10:10:32","modified_gmt":"2025-03-11T10:10:32","slug":"podcast","status":"publish","type":"page","link":"https:\/\/donpolicarpo.com.br\/blog\/podcast\/","title":{"rendered":"PodCasts"},"content":{"rendered":"\t\t<div data-elementor-type=\"wp-page\" data-elementor-id=\"628\" class=\"elementor elementor-628\">\n\t\t\t\t<div class=\"elementor-element elementor-element-e6e09fd e-flex e-con-boxed wpr-particle-no wpr-jarallax-no wpr-parallax-no wpr-sticky-section-no e-con e-parent\" data-id=\"e6e09fd\" data-element_type=\"container\" data-e-type=\"container\">\n\t\t\t\t\t<div class=\"e-con-inner\">\n\t\t\t\t<div class=\"elementor-element elementor-element-b472c8b elementor-view-default elementor-widget elementor-widget-icon\" data-id=\"b472c8b\" data-element_type=\"widget\" data-e-type=\"widget\" data-widget_type=\"icon.default\">\n\t\t\t\t<div class=\"elementor-widget-container\">\n\t\t\t\t\t\t\t<div class=\"elementor-icon-wrapper\">\n\t\t\t<div class=\"elementor-icon\">\n\t\t\t<svg aria-hidden=\"true\" class=\"e-font-icon-svg e-fab-spotify\" viewBox=\"0 0 496 512\" xmlns=\"http:\/\/www.w3.org\/2000\/svg\"><path d=\"M248 8C111.1 8 0 119.1 0 256s111.1 248 248 248 248-111.1 248-248S384.9 8 248 8zm100.7 364.9c-4.2 0-6.8-1.3-10.7-3.6-62.4-37.6-135-39.2-206.7-24.5-3.9 1-9 2.6-11.9 2.6-9.7 0-15.8-7.7-15.8-15.8 0-10.3 6.1-15.2 13.6-16.8 81.9-18.1 165.6-16.5 237 26.2 6.1 3.9 9.7 7.4 9.7 16.5s-7.1 15.4-15.2 15.4zm26.9-65.6c-5.2 0-8.7-2.3-12.3-4.2-62.5-37-155.7-51.9-238.6-29.4-4.8 1.3-7.4 2.6-11.9 2.6-10.7 0-19.4-8.7-19.4-19.4s5.2-17.8 15.5-20.7c27.8-7.8 56.2-13.6 97.8-13.6 64.9 0 127.6 16.1 177 45.5 8.1 4.8 11.3 11 11.3 19.7-.1 10.8-8.5 19.5-19.4 19.5zm31-76.2c-5.2 0-8.4-1.3-12.9-3.9-71.2-42.5-198.5-52.7-280.9-29.7-3.6 1-8.1 2.6-12.9 2.6-13.2 0-23.3-10.3-23.3-23.6 0-13.6 8.4-21.3 17.4-23.9 35.2-10.3 74.6-15.2 117.5-15.2 73 0 149.5 15.2 205.4 47.8 7.8 4.5 12.9 10.7 12.9 22.6 0 13.6-11 23.3-23.2 23.3z\"><\/path><\/svg>\t\t\t<\/div>\n\t\t<\/div>\n\t\t\t\t\t\t<\/div>\n\t\t\t\t<\/div>\n\t\t\t\t<div class=\"elementor-element elementor-element-0dd6a74 elementor-widget elementor-widget-image\" data-id=\"0dd6a74\" data-element_type=\"widget\" data-e-type=\"widget\" data-widget_type=\"image.default\">\n\t\t\t\t<div class=\"elementor-widget-container\">\n\t\t\t\t\t\t\t\t\t\t\t\t\t\t\t<img fetchpriority=\"high\" decoding=\"async\" width=\"637\" height=\"264\" src=\"https:\/\/donpolicarpo.com.br\/blog\/wp-content\/uploads\/2025\/03\/Captura-de-tela_11-3-2025_7233_open.spotify.com_.jpeg\" class=\"attachment-full size-full wp-image-631\" alt=\"\" srcset=\"https:\/\/donpolicarpo.com.br\/blog\/wp-content\/uploads\/2025\/03\/Captura-de-tela_11-3-2025_7233_open.spotify.com_.jpeg 637w, https:\/\/donpolicarpo.com.br\/blog\/wp-content\/uploads\/2025\/03\/Captura-de-tela_11-3-2025_7233_open.spotify.com_-300x124.jpeg 300w\" sizes=\"(max-width: 637px) 100vw, 637px\" \/>\t\t\t\t\t\t\t\t\t\t\t\t\t\t\t<\/div>\n\t\t\t\t<\/div>\n\t\t\t\t<div class=\"elementor-element elementor-element-09575a3 elementor-widget elementor-widget-heading\" data-id=\"09575a3\" data-element_type=\"widget\" data-e-type=\"widget\" data-widget_type=\"heading.default\">\n\t\t\t\t<div class=\"elementor-widget-container\">\n\t\t\t\t\t<h2 class=\"elementor-heading-title elementor-size-default\">Fala Poli!<\/h2>\t\t\t\t<\/div>\n\t\t\t\t<\/div>\n\t\t\t\t<div class=\"elementor-element elementor-element-eb14a5e elementor-widget elementor-widget-text-editor\" data-id=\"eb14a5e\" data-element_type=\"widget\" data-e-type=\"widget\" data-widget_type=\"text-editor.default\">\n\t\t\t\t<div class=\"elementor-widget-container\">\n\t\t\t\t\t\t\t\t\t<p>O podcast Fala Poli est\u00e1 dispon\u00edvel no Spotify e \u00e9 apresentado por Don Policarpo. O podcast conta com leituras de poesias, contos, hist\u00f3rias e m\u00fasicas autorais.<\/p>\t\t\t\t\t\t\t\t<\/div>\n\t\t\t\t<\/div>\n\t\t\t\t<div class=\"elementor-element elementor-element-1898d74 elementor-widget elementor-widget-image\" data-id=\"1898d74\" data-element_type=\"widget\" data-e-type=\"widget\" data-widget_type=\"image.default\">\n\t\t\t\t<div class=\"elementor-widget-container\">\n\t\t\t\t\t\t\t\t\t\t\t\t\t\t\t<img decoding=\"async\" width=\"651\" height=\"429\" src=\"https:\/\/donpolicarpo.com.br\/blog\/wp-content\/uploads\/2025\/03\/Captura-de-tela_11-3-2025_7816_open.spotify.com_.jpeg\" class=\"attachment-full size-full wp-image-635\" alt=\"\" srcset=\"https:\/\/donpolicarpo.com.br\/blog\/wp-content\/uploads\/2025\/03\/Captura-de-tela_11-3-2025_7816_open.spotify.com_.jpeg 651w, https:\/\/donpolicarpo.com.br\/blog\/wp-content\/uploads\/2025\/03\/Captura-de-tela_11-3-2025_7816_open.spotify.com_-300x198.jpeg 300w\" sizes=\"(max-width: 651px) 100vw, 651px\" \/>\t\t\t\t\t\t\t\t\t\t\t\t\t\t\t<\/div>\n\t\t\t\t<\/div>\n\t\t\t\t<div class=\"elementor-element elementor-element-56e01a6 elementor-widget elementor-widget-text-editor\" data-id=\"56e01a6\" data-element_type=\"widget\" data-e-type=\"widget\" data-widget_type=\"text-editor.default\">\n\t\t\t\t<div class=\"elementor-widget-container\">\n\t\t\t\t\t\t\t\t\t<p>Declama\u00e7\u00f5es de poesias, leitura de hist\u00f3rias, contos, autorais e de convidados, m\u00fasicas autorais.<\/p><p>A voz por tr\u00e1s das letras. Sempre um tema diferente para uma reflex\u00e3o saud\u00e1vel em um ou mais epis\u00f3dios.<br \/>Eu sei que voc\u00ea vai gostar de ouvir, cantar e se emocionar.<\/p><p>A liberdade est\u00e1 em libertar, tamb\u00e9m&#8230;<br \/>Um mundo, pela voz de Don Policarpo.<\/p>\t\t\t\t\t\t\t\t<\/div>\n\t\t\t\t<\/div>\n\t\t\t\t<div class=\"elementor-element elementor-element-8367af7 wpr-button-icon-position-left wpr-button-icon-style-inline elementor-widget elementor-widget-wpr-button\" data-id=\"8367af7\" data-element_type=\"widget\" data-e-type=\"widget\" data-widget_type=\"wpr-button.default\">\n\t\t\t\t<div class=\"elementor-widget-container\">\n\t\t\t\t\t\t\n\t\t\t\n\t\t\n\t\t<div class=\"wpr-button-wrap elementor-clearfix\">\n\t\t<a class=\"wpr-button wpr-button-effect wpr-button-none\" data-text=\"\" href=\"https:\/\/open.spotify.com\/show\/3yK5YwOKppXBcRFclJH9fa?si=0218bce72f9e48a8\">\n\t\t\t\n\t\t\t<span class=\"wpr-button-content\">\n\t\t\t\t\t\t\t\t\t<span class=\"wpr-button-text\">OU\u00c7A AGORA<\/span>\n\t\t\t\t\t\t\t\t\n\t\t\t\t\t\t\t\t\t<span class=\"wpr-button-icon\"><i class=\"icon icon-spotify-1\"><\/i><\/span>\n\t\t\t\t\t\t\t<\/span>\n\t\t<\/a>\n\n\t\t\t\t<\/div>\n\t\n\t\n\t\t\t\t\t<\/div>\n\t\t\t\t<\/div>\n\t\t\t\t\t<\/div>\n\t\t\t\t<\/div>\n\t\t\t\t<\/div>\n\t\t","protected":false},"excerpt":{"rendered":"<p>Fala Poli! O podcast Fala Poli est\u00e1 dispon\u00edvel no Spotify e \u00e9 apresentado por Don Policarpo. O podcast conta com leituras de poesias, contos, hist\u00f3rias e m\u00fasicas autorais. Declama\u00e7\u00f5es de poesias, leitura de hist\u00f3rias, contos, autorais e de convidados, m\u00fasicas autorais. A voz por tr\u00e1s das letras. Sempre um tema diferente para uma reflex\u00e3o saud\u00e1vel em um ou mais epis\u00f3dios.Eu sei que voc\u00ea vai gostar de ouvir, cantar e se emocionar. A liberdade est\u00e1 em libertar, tamb\u00e9m&#8230;Um mundo, pela voz de Don Policarpo. OU\u00c7A AGORA<\/p>\n","protected":false},"author":2,"featured_media":0,"parent":0,"menu_order":0,"comment_status":"closed","ping_status":"closed","template":"elementor_canvas","meta":{"_uag_custom_page_level_css":"","site-sidebar-layout":"no-sidebar","site-content-layout":"","ast-site-content-layout":"full-width-container","site-content-style":"default","site-sidebar-style":"default","ast-global-header-display":"","ast-banner-title-visibility":"","ast-main-header-display":"","ast-hfb-above-header-display":"","ast-hfb-below-header-display":"","ast-hfb-mobile-header-display":"","site-post-title":"disabled","ast-breadcrumbs-content":"","ast-featured-img":"disabled","footer-sml-layout":"","ast-disable-related-posts":"","theme-transparent-header-meta":"default","adv-header-id-meta":"","stick-header-meta":"","header-above-stick-meta":"","header-main-stick-meta":"","header-below-stick-meta":"","astra-migrate-meta-layouts":"set","ast-page-background-enabled":"default","ast-page-background-meta":{"desktop":{"background-color":"var(--ast-global-color-5)","background-image":"","background-repeat":"repeat","background-position":"center center","background-size":"auto","background-attachment":"scroll","background-type":"","background-media":"","overlay-type":"","overlay-color":"","overlay-opacity":"","overlay-gradient":""},"tablet":{"background-color":"","background-image":"","background-repeat":"repeat","background-position":"center center","background-size":"auto","background-attachment":"scroll","background-type":"","background-media":"","overlay-type":"","overlay-color":"","overlay-opacity":"","overlay-gradient":""},"mobile":{"background-color":"","background-image":"","background-repeat":"repeat","background-position":"center center","background-size":"auto","background-attachment":"scroll","background-type":"","background-media":"","overlay-type":"","overlay-color":"","overlay-opacity":"","overlay-gradient":""}},"ast-content-background-meta":{"desktop":{"background-color":"var(--ast-global-color-4)","background-image":"","background-repeat":"repeat","background-position":"center center","background-size":"auto","background-attachment":"scroll","background-type":"","background-media":"","overlay-type":"","overlay-color":"","overlay-opacity":"","overlay-gradient":""},"tablet":{"background-color":"var(--ast-global-color-4)","background-image":"","background-repeat":"repeat","background-position":"center center","background-size":"auto","background-attachment":"scroll","background-type":"","background-media":"","overlay-type":"","overlay-color":"","overlay-opacity":"","overlay-gradient":""},"mobile":{"background-color":"var(--ast-global-color-4)","background-image":"","background-repeat":"repeat","background-position":"center center","background-size":"auto","background-attachment":"scroll","background-type":"","background-media":"","overlay-type":"","overlay-color":"","overlay-opacity":"","overlay-gradient":""}},"footnotes":""},"class_list":["post-628","page","type-page","status-publish","hentry"],"yoast_head":"<!-- This site is optimized with the Yoast SEO plugin v27.3 - https:\/\/yoast.com\/product\/yoast-seo-wordpress\/ -->\n<title>PodCasts - Blog - Don Policarpo<\/title>\n<meta name=\"robots\" content=\"index, follow, max-snippet:-1, max-image-preview:large, max-video-preview:-1\" \/>\n<link rel=\"canonical\" href=\"https:\/\/donpolicarpo.com.br\/blog\/podcast\/\" \/>\n<meta property=\"og:locale\" content=\"pt_PT\" \/>\n<meta property=\"og:type\" content=\"article\" \/>\n<meta property=\"og:title\" content=\"PodCasts - Blog - Don Policarpo\" \/>\n<meta property=\"og:description\" content=\"Fala Poli! O podcast Fala Poli est\u00e1 dispon\u00edvel no Spotify e \u00e9 apresentado por Don Policarpo. O podcast conta com leituras de poesias, contos, hist\u00f3rias e m\u00fasicas autorais. Declama\u00e7\u00f5es de poesias, leitura de hist\u00f3rias, contos, autorais e de convidados, m\u00fasicas autorais. A voz por tr\u00e1s das letras. Sempre um tema diferente para uma reflex\u00e3o saud\u00e1vel em um ou mais epis\u00f3dios.Eu sei que voc\u00ea vai gostar de ouvir, cantar e se emocionar. A liberdade est\u00e1 em libertar, tamb\u00e9m&#8230;Um mundo, pela voz de Don Policarpo. OU\u00c7A AGORA\" \/>\n<meta property=\"og:url\" content=\"https:\/\/donpolicarpo.com.br\/blog\/podcast\/\" \/>\n<meta property=\"og:site_name\" content=\"Blog - Don Policarpo\" \/>\n<meta property=\"article:modified_time\" content=\"2025-03-11T10:10:32+00:00\" \/>\n<meta property=\"og:image\" content=\"https:\/\/donpolicarpo.com.br\/blog\/wp-content\/uploads\/2025\/03\/Captura-de-tela_11-3-2025_7233_open.spotify.com_.jpeg\" \/>\n\t<meta property=\"og:image:width\" content=\"637\" \/>\n\t<meta property=\"og:image:height\" content=\"264\" \/>\n\t<meta property=\"og:image:type\" content=\"image\/jpeg\" \/>\n<meta name=\"twitter:card\" content=\"summary_large_image\" \/>\n<meta name=\"twitter:label1\" content=\"Tempo estimado de leitura\" \/>\n\t<meta name=\"twitter:data1\" content=\"1 minuto\" \/>\n<script type=\"application\/ld+json\" class=\"yoast-schema-graph\">{\"@context\":\"https:\\\/\\\/schema.org\",\"@graph\":[{\"@type\":\"WebPage\",\"@id\":\"https:\\\/\\\/donpolicarpo.com.br\\\/blog\\\/podcast\\\/\",\"url\":\"https:\\\/\\\/donpolicarpo.com.br\\\/blog\\\/podcast\\\/\",\"name\":\"PodCasts - Blog - Don Policarpo\",\"isPartOf\":{\"@id\":\"https:\\\/\\\/donpolicarpo.com.br\\\/blog\\\/#website\"},\"primaryImageOfPage\":{\"@id\":\"https:\\\/\\\/donpolicarpo.com.br\\\/blog\\\/podcast\\\/#primaryimage\"},\"image\":{\"@id\":\"https:\\\/\\\/donpolicarpo.com.br\\\/blog\\\/podcast\\\/#primaryimage\"},\"thumbnailUrl\":\"https:\\\/\\\/donpolicarpo.com.br\\\/blog\\\/wp-content\\\/uploads\\\/2025\\\/03\\\/Captura-de-tela_11-3-2025_7233_open.spotify.com_.jpeg\",\"datePublished\":\"2025-03-11T10:03:00+00:00\",\"dateModified\":\"2025-03-11T10:10:32+00:00\",\"breadcrumb\":{\"@id\":\"https:\\\/\\\/donpolicarpo.com.br\\\/blog\\\/podcast\\\/#breadcrumb\"},\"inLanguage\":\"pt-PT\",\"potentialAction\":[{\"@type\":\"ReadAction\",\"target\":[\"https:\\\/\\\/donpolicarpo.com.br\\\/blog\\\/podcast\\\/\"]}]},{\"@type\":\"ImageObject\",\"inLanguage\":\"pt-PT\",\"@id\":\"https:\\\/\\\/donpolicarpo.com.br\\\/blog\\\/podcast\\\/#primaryimage\",\"url\":\"https:\\\/\\\/donpolicarpo.com.br\\\/blog\\\/wp-content\\\/uploads\\\/2025\\\/03\\\/Captura-de-tela_11-3-2025_7233_open.spotify.com_.jpeg\",\"contentUrl\":\"https:\\\/\\\/donpolicarpo.com.br\\\/blog\\\/wp-content\\\/uploads\\\/2025\\\/03\\\/Captura-de-tela_11-3-2025_7233_open.spotify.com_.jpeg\",\"width\":637,\"height\":264},{\"@type\":\"BreadcrumbList\",\"@id\":\"https:\\\/\\\/donpolicarpo.com.br\\\/blog\\\/podcast\\\/#breadcrumb\",\"itemListElement\":[{\"@type\":\"ListItem\",\"position\":1,\"name\":\"Home\",\"item\":\"https:\\\/\\\/donpolicarpo.com.br\\\/blog\\\/\"},{\"@type\":\"ListItem\",\"position\":2,\"name\":\"PodCasts\"}]},{\"@type\":\"WebSite\",\"@id\":\"https:\\\/\\\/donpolicarpo.com.br\\\/blog\\\/#website\",\"url\":\"https:\\\/\\\/donpolicarpo.com.br\\\/blog\\\/\",\"name\":\"Blog - Don Policarpo\",\"description\":\"\",\"publisher\":{\"@id\":\"https:\\\/\\\/donpolicarpo.com.br\\\/blog\\\/#\\\/schema\\\/person\\\/4ef36e9e5b9fe731bd20948691fdce2b\"},\"potentialAction\":[{\"@type\":\"SearchAction\",\"target\":{\"@type\":\"EntryPoint\",\"urlTemplate\":\"https:\\\/\\\/donpolicarpo.com.br\\\/blog\\\/?s={search_term_string}\"},\"query-input\":{\"@type\":\"PropertyValueSpecification\",\"valueRequired\":true,\"valueName\":\"search_term_string\"}}],\"inLanguage\":\"pt-PT\"},{\"@type\":[\"Person\",\"Organization\"],\"@id\":\"https:\\\/\\\/donpolicarpo.com.br\\\/blog\\\/#\\\/schema\\\/person\\\/4ef36e9e5b9fe731bd20948691fdce2b\",\"name\":\"Don Policarpo\",\"image\":{\"@type\":\"ImageObject\",\"inLanguage\":\"pt-PT\",\"@id\":\"https:\\\/\\\/donpolicarpo.com.br\\\/blog\\\/wp-content\\\/uploads\\\/2025\\\/01\\\/Perfil.jpg\",\"url\":\"https:\\\/\\\/donpolicarpo.com.br\\\/blog\\\/wp-content\\\/uploads\\\/2025\\\/01\\\/Perfil.jpg\",\"contentUrl\":\"https:\\\/\\\/donpolicarpo.com.br\\\/blog\\\/wp-content\\\/uploads\\\/2025\\\/01\\\/Perfil.jpg\",\"width\":1080,\"height\":1080,\"caption\":\"Don Policarpo\"},\"logo\":{\"@id\":\"https:\\\/\\\/donpolicarpo.com.br\\\/blog\\\/wp-content\\\/uploads\\\/2025\\\/01\\\/Perfil.jpg\"},\"description\":\"Escritor, poeta, compositor. Lan\u00e7ou Ma\u00e7\u00e3, A \u00c1rvore dos Alados e A Magia da Poesia Cantante Vol.2, entre outros. O autor convida todos a se entenderem como cidad\u00e3os de um mundo profundamente lesionado pela crise ambiental, com uma linguagem l\u00fadica, as obras ressaltam a necessidade de proteger o planeta, a import\u00e2ncia da educa\u00e7\u00e3o familiar e ambiental, al\u00e9m da valoriza\u00e7\u00e3o da mem\u00f3ria ancestral e afetiva.\",\"sameAs\":[\"https:\\\/\\\/donpolicarpo.com.br\\\/blog\",\"https:\\\/\\\/www.instagram.com\\\/donpolicarpo\\\/\",\"https:\\\/\\\/www.youtube.com\\\/@falapoli\"]}]}<\/script>\n<!-- \/ Yoast SEO plugin. -->","yoast_head_json":{"title":"PodCasts - Blog - Don Policarpo","robots":{"index":"index","follow":"follow","max-snippet":"max-snippet:-1","max-image-preview":"max-image-preview:large","max-video-preview":"max-video-preview:-1"},"canonical":"https:\/\/donpolicarpo.com.br\/blog\/podcast\/","og_locale":"pt_PT","og_type":"article","og_title":"PodCasts - Blog - Don Policarpo","og_description":"Fala Poli! O podcast Fala Poli est\u00e1 dispon\u00edvel no Spotify e \u00e9 apresentado por Don Policarpo. O podcast conta com leituras de poesias, contos, hist\u00f3rias e m\u00fasicas autorais. Declama\u00e7\u00f5es de poesias, leitura de hist\u00f3rias, contos, autorais e de convidados, m\u00fasicas autorais. A voz por tr\u00e1s das letras. Sempre um tema diferente para uma reflex\u00e3o saud\u00e1vel em um ou mais epis\u00f3dios.Eu sei que voc\u00ea vai gostar de ouvir, cantar e se emocionar. A liberdade est\u00e1 em libertar, tamb\u00e9m&#8230;Um mundo, pela voz de Don Policarpo. OU\u00c7A AGORA","og_url":"https:\/\/donpolicarpo.com.br\/blog\/podcast\/","og_site_name":"Blog - Don Policarpo","article_modified_time":"2025-03-11T10:10:32+00:00","og_image":[{"width":637,"height":264,"url":"https:\/\/donpolicarpo.com.br\/blog\/wp-content\/uploads\/2025\/03\/Captura-de-tela_11-3-2025_7233_open.spotify.com_.jpeg","type":"image\/jpeg"}],"twitter_card":"summary_large_image","twitter_misc":{"Tempo estimado de leitura":"1 minuto"},"schema":{"@context":"https:\/\/schema.org","@graph":[{"@type":"WebPage","@id":"https:\/\/donpolicarpo.com.br\/blog\/podcast\/","url":"https:\/\/donpolicarpo.com.br\/blog\/podcast\/","name":"PodCasts - Blog - Don Policarpo","isPartOf":{"@id":"https:\/\/donpolicarpo.com.br\/blog\/#website"},"primaryImageOfPage":{"@id":"https:\/\/donpolicarpo.com.br\/blog\/podcast\/#primaryimage"},"image":{"@id":"https:\/\/donpolicarpo.com.br\/blog\/podcast\/#primaryimage"},"thumbnailUrl":"https:\/\/donpolicarpo.com.br\/blog\/wp-content\/uploads\/2025\/03\/Captura-de-tela_11-3-2025_7233_open.spotify.com_.jpeg","datePublished":"2025-03-11T10:03:00+00:00","dateModified":"2025-03-11T10:10:32+00:00","breadcrumb":{"@id":"https:\/\/donpolicarpo.com.br\/blog\/podcast\/#breadcrumb"},"inLanguage":"pt-PT","potentialAction":[{"@type":"ReadAction","target":["https:\/\/donpolicarpo.com.br\/blog\/podcast\/"]}]},{"@type":"ImageObject","inLanguage":"pt-PT","@id":"https:\/\/donpolicarpo.com.br\/blog\/podcast\/#primaryimage","url":"https:\/\/donpolicarpo.com.br\/blog\/wp-content\/uploads\/2025\/03\/Captura-de-tela_11-3-2025_7233_open.spotify.com_.jpeg","contentUrl":"https:\/\/donpolicarpo.com.br\/blog\/wp-content\/uploads\/2025\/03\/Captura-de-tela_11-3-2025_7233_open.spotify.com_.jpeg","width":637,"height":264},{"@type":"BreadcrumbList","@id":"https:\/\/donpolicarpo.com.br\/blog\/podcast\/#breadcrumb","itemListElement":[{"@type":"ListItem","position":1,"name":"Home","item":"https:\/\/donpolicarpo.com.br\/blog\/"},{"@type":"ListItem","position":2,"name":"PodCasts"}]},{"@type":"WebSite","@id":"https:\/\/donpolicarpo.com.br\/blog\/#website","url":"https:\/\/donpolicarpo.com.br\/blog\/","name":"Blog - Don Policarpo","description":"","publisher":{"@id":"https:\/\/donpolicarpo.com.br\/blog\/#\/schema\/person\/4ef36e9e5b9fe731bd20948691fdce2b"},"potentialAction":[{"@type":"SearchAction","target":{"@type":"EntryPoint","urlTemplate":"https:\/\/donpolicarpo.com.br\/blog\/?s={search_term_string}"},"query-input":{"@type":"PropertyValueSpecification","valueRequired":true,"valueName":"search_term_string"}}],"inLanguage":"pt-PT"},{"@type":["Person","Organization"],"@id":"https:\/\/donpolicarpo.com.br\/blog\/#\/schema\/person\/4ef36e9e5b9fe731bd20948691fdce2b","name":"Don Policarpo","image":{"@type":"ImageObject","inLanguage":"pt-PT","@id":"https:\/\/donpolicarpo.com.br\/blog\/wp-content\/uploads\/2025\/01\/Perfil.jpg","url":"https:\/\/donpolicarpo.com.br\/blog\/wp-content\/uploads\/2025\/01\/Perfil.jpg","contentUrl":"https:\/\/donpolicarpo.com.br\/blog\/wp-content\/uploads\/2025\/01\/Perfil.jpg","width":1080,"height":1080,"caption":"Don Policarpo"},"logo":{"@id":"https:\/\/donpolicarpo.com.br\/blog\/wp-content\/uploads\/2025\/01\/Perfil.jpg"},"description":"Escritor, poeta, compositor. Lan\u00e7ou Ma\u00e7\u00e3, A \u00c1rvore dos Alados e A Magia da Poesia Cantante Vol.2, entre outros. O autor convida todos a se entenderem como cidad\u00e3os de um mundo profundamente lesionado pela crise ambiental, com uma linguagem l\u00fadica, as obras ressaltam a necessidade de proteger o planeta, a import\u00e2ncia da educa\u00e7\u00e3o familiar e ambiental, al\u00e9m da valoriza\u00e7\u00e3o da mem\u00f3ria ancestral e afetiva.","sameAs":["https:\/\/donpolicarpo.com.br\/blog","https:\/\/www.instagram.com\/donpolicarpo\/","https:\/\/www.youtube.com\/@falapoli"]}]}},"uagb_featured_image_src":{"full":false,"thumbnail":false,"medium":false,"medium_large":false,"large":false,"1536x1536":false,"2048x2048":false},"uagb_author_info":{"display_name":"Don Policarpo","author_link":"https:\/\/donpolicarpo.com.br\/blog\/author\/policarpo\/"},"uagb_comment_info":0,"uagb_excerpt":"Fala Poli! O podcast Fala Poli est\u00e1 dispon\u00edvel no Spotify e \u00e9 apresentado por Don Policarpo. O podcast conta com leituras de poesias, contos, hist\u00f3rias e m\u00fasicas autorais. Declama\u00e7\u00f5es de poesias, leitura de hist\u00f3rias, contos, autorais e de convidados, m\u00fasicas autorais. A voz por tr\u00e1s das letras. Sempre um tema diferente para uma reflex\u00e3o saud\u00e1vel&hellip;","_links":{"self":[{"href":"https:\/\/donpolicarpo.com.br\/blog\/wp-json\/wp\/v2\/pages\/628","targetHints":{"allow":["GET"]}}],"collection":[{"href":"https:\/\/donpolicarpo.com.br\/blog\/wp-json\/wp\/v2\/pages"}],"about":[{"href":"https:\/\/donpolicarpo.com.br\/blog\/wp-json\/wp\/v2\/types\/page"}],"author":[{"embeddable":true,"href":"https:\/\/donpolicarpo.com.br\/blog\/wp-json\/wp\/v2\/users\/2"}],"replies":[{"embeddable":true,"href":"https:\/\/donpolicarpo.com.br\/blog\/wp-json\/wp\/v2\/comments?post=628"}],"version-history":[{"count":10,"href":"https:\/\/donpolicarpo.com.br\/blog\/wp-json\/wp\/v2\/pages\/628\/revisions"}],"predecessor-version":[{"id":641,"href":"https:\/\/donpolicarpo.com.br\/blog\/wp-json\/wp\/v2\/pages\/628\/revisions\/641"}],"wp:attachment":[{"href":"https:\/\/donpolicarpo.com.br\/blog\/wp-json\/wp\/v2\/media?parent=628"}],"curies":[{"name":"wp","href":"https:\/\/api.w.org\/{rel}","templated":true}]}}